{"id":92,"date":"2018-09-27T17:12:10","date_gmt":"2018-09-27T14:12:10","guid":{"rendered":"http:\/\/kiamaria.fi\/?page_id=92"},"modified":"2022-10-10T15:21:21","modified_gmt":"2022-10-10T12:21:21","slug":"copywriting","status":"publish","type":"page","link":"https:\/\/kiamaria.fi\/?page_id=92","title":{"rendered":"TEKSTISUUNNITTELU"},"content":{"rendered":"\t\t<div data-elementor-type=\"wp-post\" data-elementor-id=\"92\" class=\"elementor elementor-92 elementor-bc-flex-widget\">\n\t\t\t\t\t\t<section class=\"elementor-section elementor-top-section elementor-element elementor-element-54c6c759 elementor-section-boxed elementor-section-height-default elementor-section-height-default\" data-id=\"54c6c759\" data-element_type=\"section\" data-e-type=\"section\">\n\t\t\t\t\t\t<div class=\"elementor-container elementor-column-gap-default\">\n\t\t\t\t\t<div class=\"elementor-column elementor-col-100 elementor-top-column elementor-element elementor-element-6f8c184f\" data-id=\"6f8c184f\" data-element_type=\"column\" data-e-type=\"column\">\n\t\t\t<div class=\"elementor-widget-wrap elementor-element-populated\">\n\t\t\t\t\t\t<div class=\"elementor-element elementor-element-69709d21 elementor-widget elementor-widget-text-editor\" data-id=\"69709d21\" data-element_type=\"widget\" data-e-type=\"widget\" data-widget_type=\"text-editor.default\">\n\t\t\t\t<div class=\"elementor-widget-container\">\n\t\t\t\t\t\t\t\t\t<p><strong>Suomenkielist\u00e4 sis\u00e4lt\u00f6\u00e4 verkkosivuille, esitteisiin ja someen <\/strong><\/p>\n<p>Tarjoan ammattimaista markkinointiviestinn\u00e4n sis\u00e4ll\u00f6ntuotantoa eli copywriting-palveluita yrityksenne tai tapahtumanne tarpeisiin niin verkkoon kuin painettuihin julkaisuihin.<\/p>\n<h5>Hinnoittelu<\/h5>\n<p>Tekstisuunnittelu- eli copywriting-palvelut hinnoitellaan ensisijaisesti tuntiperusteisesti.<\/p>\n<p><a href=\"https:\/\/kiamaria.fi\/?page_id=104\" target=\"_blank\" rel=\"noopener\" data-wplink-edit=\"true\">PYYD\u00c4 TARJOUS <\/a><a href=\"https:\/\/kiamaria.fi\/?page_id=104\" target=\"_blank\" rel=\"noopener noreferrer\">T\u00c4ST\u00c4<\/a>.<\/p>\n\n<p>\u00a0<\/p>\n\t\t\t\t\t\t\t\t<\/div>\n\t\t\t\t<\/div>\n\t\t\t\t\t<\/div>\n\t\t<\/div>\n\t\t\t\t\t<\/div>\n\t\t<\/section>\n\t\t\t\t<\/div>\n\t\t","protected":false},"excerpt":{"rendered":"<p>Suomenkielist\u00e4 sis\u00e4lt\u00f6\u00e4 verkkosivuille, esitteisiin ja someen Tarjoan ammattimaista markkinointiviestinn\u00e4n sis\u00e4ll\u00f6ntuotantoa eli copywriting-palveluita yrityksenne tai tapahtumanne tarpeisiin niin verkkoon kuin painettuihin julkaisuihin. Hinnoittelu Tekstisuunnittelu- eli copywriting-palvelut hinnoitellaan ensisijaisesti tuntiperusteisesti. PYYD\u00c4 TARJOUS T\u00c4ST\u00c4. \u00a0<\/p>\n","protected":false},"author":1,"featured_media":0,"parent":0,"menu_order":0,"comment_status":"closed","ping_status":"closed","template":"","meta":{"footnotes":""},"class_list":["post-92","page","type-page","status-publish","hentry"],"_links":{"self":[{"href":"https:\/\/kiamaria.fi\/index.php?rest_route=\/wp\/v2\/pages\/92","targetHints":{"allow":["GET"]}}],"collection":[{"href":"https:\/\/kiamaria.fi\/index.php?rest_route=\/wp\/v2\/pages"}],"about":[{"href":"https:\/\/kiamaria.fi\/index.php?rest_route=\/wp\/v2\/types\/page"}],"author":[{"embeddable":true,"href":"https:\/\/kiamaria.fi\/index.php?rest_route=\/wp\/v2\/users\/1"}],"replies":[{"embeddable":true,"href":"https:\/\/kiamaria.fi\/index.php?rest_route=%2Fwp%2Fv2%2Fcomments&post=92"}],"version-history":[{"count":7,"href":"https:\/\/kiamaria.fi\/index.php?rest_route=\/wp\/v2\/pages\/92\/revisions"}],"predecessor-version":[{"id":234,"href":"https:\/\/kiamaria.fi\/index.php?rest_route=\/wp\/v2\/pages\/92\/revisions\/234"}],"wp:attachment":[{"href":"https:\/\/kiamaria.fi\/index.php?rest_route=%2Fwp%2Fv2%2Fmedia&parent=92"}],"curies":[{"name":"wp","href":"https:\/\/api.w.org\/{rel}","templated":true}]}}