{"id":104,"date":"2018-09-27T17:19:34","date_gmt":"2018-09-27T14:19:34","guid":{"rendered":"http:\/\/kiamaria.fi\/?page_id=104"},"modified":"2023-10-30T17:47:45","modified_gmt":"2023-10-30T15:47:45","slug":"ota-yhteytta","status":"publish","type":"page","link":"https:\/\/kiamaria.fi\/?page_id=104","title":{"rendered":"OTA YHTEYTT\u00c4"},"content":{"rendered":"\t\t<div data-elementor-type=\"wp-post\" data-elementor-id=\"104\" class=\"elementor elementor-104\">\n\t\t\t\t\t\t<section class=\"elementor-section elementor-top-section elementor-element elementor-element-7ecc7cb elementor-section-boxed elementor-section-height-default elementor-section-height-default\" data-id=\"7ecc7cb\" data-element_type=\"section\" data-e-type=\"section\">\n\t\t\t\t\t\t<div class=\"elementor-container elementor-column-gap-default\">\n\t\t\t\t\t<div class=\"elementor-column elementor-col-100 elementor-top-column elementor-element elementor-element-8341c67\" data-id=\"8341c67\" data-element_type=\"column\" data-e-type=\"column\">\n\t\t\t<div class=\"elementor-widget-wrap elementor-element-populated\">\n\t\t\t\t\t\t<div class=\"elementor-element elementor-element-61baf64 elementor-align-center elementor-widget elementor-widget-button\" data-id=\"61baf64\" data-element_type=\"widget\" data-e-type=\"widget\" data-widget_type=\"button.default\">\n\t\t\t\t<div class=\"elementor-widget-container\">\n\t\t\t\t\t\t\t\t\t<div class=\"elementor-button-wrapper\">\n\t\t\t\t\t<a class=\"elementor-button elementor-button-link elementor-size-lg\" href=\"#kia@kiamaria.fi\">\n\t\t\t\t\t\t<span class=\"elementor-button-content-wrapper\">\n\t\t\t\t\t\t\t\t\t<span class=\"elementor-button-text\">PYYD\u00c4 TARJOUS<\/span>\n\t\t\t\t\t<\/span>\n\t\t\t\t\t<\/a>\n\t\t\t\t<\/div>\n\t\t\t\t\t\t\t\t<\/div>\n\t\t\t\t<\/div>\n\t\t\t\t\t<\/div>\n\t\t<\/div>\n\t\t\t\t\t<\/div>\n\t\t<\/section>\n\t\t\t\t<section class=\"elementor-section elementor-top-section elementor-element elementor-element-edd5c74 elementor-section-boxed elementor-section-height-default elementor-section-height-default\" data-id=\"edd5c74\" data-element_type=\"section\" data-e-type=\"section\">\n\t\t\t\t\t\t<div class=\"elementor-container elementor-column-gap-default\">\n\t\t\t\t\t<div class=\"elementor-column elementor-col-100 elementor-top-column elementor-element elementor-element-033215f\" data-id=\"033215f\" data-element_type=\"column\" data-e-type=\"column\">\n\t\t\t<div class=\"elementor-widget-wrap elementor-element-populated\">\n\t\t\t\t\t\t<div class=\"elementor-element elementor-element-c4b0713 eael-infobox-content-align--center eael-infobox-icon-bg-shape-none eael-infobox-icon-hover-bg-shape-none elementor-widget elementor-widget-eael-info-box\" data-id=\"c4b0713\" data-element_type=\"widget\" data-e-type=\"widget\" data-widget_type=\"eael-info-box.default\">\n\t\t\t\t<div class=\"elementor-widget-container\">\n\t\t\t\t\t        <div class=\"eael-infobox icon-on-top\">\n\t            <div class=\"infobox-icon eael-icon-only\">\n\n            \n                            <div class=\"infobox-icon-wrap\">\n                    <i aria-hidden=\"true\" class=\"fas fa-paper-plane\"><\/i>                <\/div>\n            \n            \n        <\/div>\n            <div class=\"infobox-content eael-icon-only\">\n                    <div class=\"infobox-title-section\">\n                <h2 class=\"title\">Kerro, millaista k\u00e4\u00e4nn\u00f6spalvelua tai sis\u00e4ll\u00f6ntuotantoa tarvitset.<\/h2>            <\/div>\n            <div><p>L\u00e4het\u00e4n s\u00e4hk\u00f6postiisi tarjouksen vuorokauden sis\u00e4ll\u00e4.<\/p><p>Huomaa, ett\u00e4 tarjouksen pyyt\u00e4minen ei velvoita sinua mihink\u00e4\u00e4n!<\/p><p>puh: + 358 40 566 9621<\/p><p>s-posti: kia@kiamaria.fi<\/p><p>Skype: kiakujala<\/p><\/div>        <\/div>\n            <\/div>\n\n\t\t\t\t\t\t<\/div>\n\t\t\t\t<\/div>\n\t\t\t\t\t<\/div>\n\t\t<\/div>\n\t\t\t\t\t<\/div>\n\t\t<\/section>\n\t\t\t\t<\/div>\n\t\t","protected":false},"excerpt":{"rendered":"<p>PYYD\u00c4 TARJOUS Kerro, millaista k\u00e4\u00e4nn\u00f6spalvelua tai sis\u00e4ll\u00f6ntuotantoa tarvitset. L\u00e4het\u00e4n s\u00e4hk\u00f6postiisi tarjouksen vuorokauden sis\u00e4ll\u00e4. Huomaa, ett\u00e4 tarjouksen pyyt\u00e4minen ei velvoita sinua mihink\u00e4\u00e4n! puh: + 358 40 566 9621 s-posti: kia@kiamaria.fi Skype: kiakujala<\/p>\n","protected":false},"author":1,"featured_media":0,"parent":0,"menu_order":0,"comment_status":"closed","ping_status":"closed","template":"","meta":{"footnotes":""},"class_list":["post-104","page","type-page","status-publish","hentry"],"_links":{"self":[{"href":"https:\/\/kiamaria.fi\/index.php?rest_route=\/wp\/v2\/pages\/104","targetHints":{"allow":["GET"]}}],"collection":[{"href":"https:\/\/kiamaria.fi\/index.php?rest_route=\/wp\/v2\/pages"}],"about":[{"href":"https:\/\/kiamaria.fi\/index.php?rest_route=\/wp\/v2\/types\/page"}],"author":[{"embeddable":true,"href":"https:\/\/kiamaria.fi\/index.php?rest_route=\/wp\/v2\/users\/1"}],"replies":[{"embeddable":true,"href":"https:\/\/kiamaria.fi\/index.php?rest_route=%2Fwp%2Fv2%2Fcomments&post=104"}],"version-history":[{"count":39,"href":"https:\/\/kiamaria.fi\/index.php?rest_route=\/wp\/v2\/pages\/104\/revisions"}],"predecessor-version":[{"id":380,"href":"https:\/\/kiamaria.fi\/index.php?rest_route=\/wp\/v2\/pages\/104\/revisions\/380"}],"wp:attachment":[{"href":"https:\/\/kiamaria.fi\/index.php?rest_route=%2Fwp%2Fv2%2Fmedia&parent=104"}],"curies":[{"name":"wp","href":"https:\/\/api.w.org\/{rel}","templated":true}]}}